{"id":181,"date":"2014-02-27T12:31:01","date_gmt":"2014-02-27T10:31:01","guid":{"rendered":"http:\/\/www.porzellanland.net\/?page_id=181"},"modified":"2014-04-08T13:00:11","modified_gmt":"2014-04-08T11:00:11","slug":"hist-verein-open","status":"publish","type":"page","link":"http:\/\/www.porzellanland.net\/?page_id=181","title":{"rendered":"hist. verein-open"},"content":{"rendered":"<p style=\"margin-bottom: 0cm;\"><span style=\"font-family: Arial,serif;\"><span style=\"font-size: small;\">Offener Brief an den Einbrecher in das Haus der Archaeologie (Museum) auf dem Kathreinkogel<\/span><\/span><\/p>\n<p style=\"margin-bottom: 0cm;\"><span style=\"font-family: Arial,serif;\"><span style=\"font-size: small;\">30 Jahre forsche ich nun schon als Idealist am Kathreinkogel und versuche, die Vergangenheit unserer Vorfahren ans Tageslicht zu bringen. Fuer die ergrabenen und wissenschaftlich ausgearbeiteten Artefakte wurde eigens ein Grabungsmuseum errichtet, damit die Erinnerung an die vielen Generationenen von Menschen, die hier gelebt haben, gestorben sind und begraben liegen, eine bleibende ist.<\/span><\/span><\/p>\n<p style=\"margin-bottom: 0cm;\"><span style=\"font-family: Arial,serif;\"><span style=\"font-size: small;\">Die wenigen Habseligkeiten, die sie uns nach ihrem Tode hinterlassen haben, wolltest Du uns stehlen. Damit nimmst Du ihnen die letzte noch bleibende Identitaet. Dagegen wehre ich mich! Es wurde Anzeige erstattet, die Polizei inklusive der Spurensicherung hat alles mit den heute modernsten Geraeten gesichtet, aufgenommen und ist sehr zuversichtlich, Dich ueberfuehren zu koennen.<\/span><\/span><\/p>\n<p style=\"margin-bottom: 0cm;\"><span style=\"font-family: Arial,serif;\"><span style=\"font-size: small;\">Meine Meinung ueber Dich und Deinesgleichen sollte man hier lieber nicht veroeffenlichen, aber die kannst Du Dir ohnehin selber denken.<\/span><\/span><\/p>\n<p style=\"margin-bottom: 0cm;\"><span style=\"font-family: Arial,serif;\"><span style=\"font-size: small;\">Raimund Ferencic<\/span><\/span><\/p>\n<p style=\"margin-bottom: 0cm;\"><span style=\"font-family: Arial,serif;\"><span style=\"font-size: small;\">Obmann Historischer Verein Schiefling-Velden-Rosegg <\/span><\/span><\/p>\n<p>(erschienen als leserbrief in der &#8218;veldener zeitung&#8216;)<\/p>\n<p>&nbsp;<\/p>\n<p><span style=\"font-family: Arial,serif;\"><span style=\"font-size: small;\">Offener Brief an Raimund Ferencic, Obmann des Historischen Vereines, Schiefling-Rosegg-Velden<\/span><\/span><\/p>\n<p style=\"margin-bottom: 0cm;\"><span style=\"font-family: Arial,serif;\"><span style=\"font-size: small;\">Es scheint wie eine &#8218;ironie des schicksals&#8216;, dass ausgerechnet in das museum des historischen vereins ein einbruch versucht wurde, in welchem auch objekte &#8218;zweifelhaften ursprungs&#8216; (die exakte bezeichnung hierfuer koennen Sie sich ohnehin bestimmt selber denken&#8230;!?) oeffentlich zur schau gestellt werden.<\/span><\/span><\/p>\n<p style=\"margin-bottom: 0cm;\">\u00a0<span style=\"font-family: Arial,serif;\"><span style=\"font-size: small;\">trotz respekt bezueglich der initiativen des hist. vereins, aus welcher motivation auch immer in das museum am kathreinkogel eingebrochen wurde (dummheit? boshaftigkeit? gier?&#8230;) und abzulehnen ist, sei erwaehnt, dass einiger artefakte jegliche wissenschaftliche dokokumentation wie auch provenienz entbehrt.<\/span><\/span><\/p>\n<p style=\"margin-bottom: 0cm;\"><span style=\"font-family: Arial,serif;\"><span style=\"font-size: small;\">resultierend aus dem umstand, dass oftmals weder finder noch fundumstaende bekannt sind, weiters viele objekte ohne genehmigung des bundesdenkmalamtes, geschweige der grundstueckseigentuemerINNEN illegal und von sogenannten &#8218;hobbyarchaeologen&#8216; geborgen wurden, die sich mitunter auch im umfeld des hist. vereines bewegen\/ten bzw mitglieder sind oder waren.<\/span><\/span><\/p>\n<p>&nbsp;<\/p>\n<p style=\"margin-bottom: 0cm;\"><span style=\"font-family: Arial,serif;\"><span style=\"font-size: small;\">auch auf unserem grundstueck wurden beim &#8217;schwammerlsuchen&#8216; illegale &#8218;hobbyarchaeologische&#8216; taetigkeiten durchgefuehrt und es entwuchs neben dem privaten und allgemeinen kulturgeschichtlichen auch ein enormer wissenschaftlicher schaden, wobei noch immer nicht alle vorkommnisse um das &#8218;mithrasheiligtum ob st. egyden&#8216; aufgeklaert sind und vermutlich noch einige objekte in privaten &#8218;kellern\/sammlungen&#8216; gelagert werden&#8230;<\/span><\/span><\/p>\n<p style=\"margin-bottom: 0cm;\">\u00a0<span style=\"font-family: Arial,serif;\"><span style=\"font-size: small;\">ich hoffe sehr, dass Sie wie anscheinend mit dem\/der\/den &#8218;einbrecherIN oder einbrechern bzw einbrecherinnen&#8216; (es gilt\/gelten die unschuldsvermutung\/en) ebenso mit den &#8218;hobbyarchaeologenINNEN&#8216; unserer region perDu sind und so der nachwelt als &#8218;Idealist&#8220; noch einige artefakte erhalten, retten bzw. sicherstellen koennen, saemtliche provenienzen aufklaeren und Ihren mitbuergernINNEN einen teil ihrer geschichte (teilweise auch besitz !!!) zurueck geben bzw erstatten oder um eine leihgabe bitten.<\/span><\/span><\/p>\n<p style=\"margin-bottom: 0cm;\"><span style=\"font-family: Arial,serif;\"><span style=\"font-size: small;\">peter seher<\/span><\/span><\/p>\n<p style=\"margin-bottom: 0cm;\"><span style=\"font-family: Arial,serif;\"><span style=\"font-size: small;\">st. egyden\/<\/span><\/span><span style=\"font-family: Verdana,serif;\"><span style=\"font-size: small;\">\u0161e<\/span><\/span><span style=\"font-family: Arial,serif;\"><span style=\"font-size: small;\">ntilj<\/span><\/span><\/p>\n<p style=\"margin-bottom: 0cm;\"><span style=\"font-family: Arial,serif;\"><span style=\"font-size: small;\">ps. &#8222;Werden Funde, die unsch\u00e4tzbare Informationen \u00fcber eine Kultur bergen, gestohlen und aus ihrem Kontext entfernt, sind sie kaum noch von arch\u00e4ologischen Wert. Sie sind nat\u00fcrlich immer noch \u00e4sthetisch, selten oder ungw\u00f6hnlich, k\u00f6nnen aber nicht mehr datiert werden und zur Kl\u00e4rung der Umst\u00e4nde beitragen, unter denen sie gefunden oder hergestellt wurden. Wenn sie wie die meisten Zeugnisse in einer Privatsammlung verschwinden, sind sie f\u00fcr die Menschheit verloren.&#8220; (&#8218;Arch\u00e4ologie&#8216; Kate Santon, Parragon Books Ltd.)<\/span><\/span><\/p>\n<p style=\"margin-bottom: 0cm;\">\n<p style=\"margin-bottom: 0cm;\">(nicht veroeffentlicht -&gt; s. weiteren verlauf)<\/p>\n<p>&nbsp;<\/p>\n","protected":false},"excerpt":{"rendered":"<p>Offener Brief an den Einbrecher in das Haus der Archaeologie (Museum) auf dem Kathreinkogel 30 Jahre forsche ich nun schon als Idealist am Kathreinkogel und versuche, die Vergangenheit unserer Vorfahren ans Tageslicht zu bringen. Fuer die ergrabenen und wissenschaftlich ausgearbeiteten Artefakte wurde eigens ein Grabungsmuseum errichtet, damit die Erinnerung an die vielen Generationenen von Menschen, [&hellip;]<\/p>\n","protected":false},"author":1,"featured_media":0,"parent":171,"menu_order":1,"comment_status":"closed","ping_status":"open","template":"page-templates\/front-page.php","meta":{"footnotes":""},"class_list":["post-181","page","type-page","status-publish","hentry"],"_links":{"self":[{"href":"http:\/\/www.porzellanland.net\/index.php?rest_route=\/wp\/v2\/pages\/181","targetHints":{"allow":["GET"]}}],"collection":[{"href":"http:\/\/www.porzellanland.net\/index.php?rest_route=\/wp\/v2\/pages"}],"about":[{"href":"http:\/\/www.porzellanland.net\/index.php?rest_route=\/wp\/v2\/types\/page"}],"author":[{"embeddable":true,"href":"http:\/\/www.porzellanland.net\/index.php?rest_route=\/wp\/v2\/users\/1"}],"replies":[{"embeddable":true,"href":"http:\/\/www.porzellanland.net\/index.php?rest_route=%2Fwp%2Fv2%2Fcomments&post=181"}],"version-history":[{"count":19,"href":"http:\/\/www.porzellanland.net\/index.php?rest_route=\/wp\/v2\/pages\/181\/revisions"}],"predecessor-version":[{"id":193,"href":"http:\/\/www.porzellanland.net\/index.php?rest_route=\/wp\/v2\/pages\/181\/revisions\/193"}],"up":[{"embeddable":true,"href":"http:\/\/www.porzellanland.net\/index.php?rest_route=\/wp\/v2\/pages\/171"}],"wp:attachment":[{"href":"http:\/\/www.porzellanland.net\/index.php?rest_route=%2Fwp%2Fv2%2Fmedia&parent=181"}],"curies":[{"name":"wp","href":"https:\/\/api.w.org\/{rel}","templated":true}]}}