{"id":253,"date":"2014-04-08T13:08:03","date_gmt":"2014-04-08T11:08:03","guid":{"rendered":"http:\/\/www.porzellanland.net\/?page_id=253"},"modified":"2014-04-08T13:08:03","modified_gmt":"2014-04-08T11:08:03","slug":"redaktion","status":"publish","type":"page","link":"http:\/\/www.porzellanland.net\/?page_id=253","title":{"rendered":"re[d]aktion"},"content":{"rendered":"<p>auszug: antwortmail der &#8217;neuen veldner zeitung&#8216;<\/p>\n<p>(&#8230;)<\/p>\n<p>&nbsp;<\/p>\n<p style=\"margin-left: 0.53cm; margin-right: 0.26cm; margin-top: 0.26cm; margin-bottom: 0.13cm; border-top: none; border-bottom: none; border-left: 1.50pt solid #c3d9e5; border-right: none; padding-top: 0cm; padding-bottom: 0cm; padding-left: 0.26cm; padding-right: 0cm;\"><span style=\"font-family: Verdana,sans-serif;\"><span style=\"font-size: small;\">Daher bitten wir um Verst\u00e4ndnis, das wir Ihren Brief so nicht ver\u00f6ffentlichen werden und mangels<br \/>\nhistorischem Know-How diese Informationen nicht zu pr\u00fcfen sind. Ggfls. k\u00f6nnten wir einen entsprechenden<br \/>\nRedakteur beauftragen, jedoch fehlen mir dazu noch Ihre Beweggr\u00fcnde und weitere Hintergrundinformationen.<\/span><\/span><\/p>\n<p>(&#8230;)<\/p>\n<p>&nbsp;<\/p>\n<p>&nbsp;<\/p>\n","protected":false},"excerpt":{"rendered":"<p>auszug: antwortmail der &#8217;neuen veldner zeitung&#8216; (&#8230;) &nbsp; Daher bitten wir um Verst\u00e4ndnis, das wir Ihren Brief so nicht ver\u00f6ffentlichen werden und mangels historischem Know-How diese Informationen nicht zu pr\u00fcfen sind. Ggfls. k\u00f6nnten wir einen entsprechenden Redakteur beauftragen, jedoch fehlen mir dazu noch Ihre Beweggr\u00fcnde und weitere Hintergrundinformationen. (&#8230;) &nbsp; &nbsp;<\/p>\n","protected":false},"author":1,"featured_media":0,"parent":181,"menu_order":0,"comment_status":"closed","ping_status":"open","template":"","meta":{"footnotes":""},"class_list":["post-253","page","type-page","status-publish","hentry"],"_links":{"self":[{"href":"http:\/\/www.porzellanland.net\/index.php?rest_route=\/wp\/v2\/pages\/253","targetHints":{"allow":["GET"]}}],"collection":[{"href":"http:\/\/www.porzellanland.net\/index.php?rest_route=\/wp\/v2\/pages"}],"about":[{"href":"http:\/\/www.porzellanland.net\/index.php?rest_route=\/wp\/v2\/types\/page"}],"author":[{"embeddable":true,"href":"http:\/\/www.porzellanland.net\/index.php?rest_route=\/wp\/v2\/users\/1"}],"replies":[{"embeddable":true,"href":"http:\/\/www.porzellanland.net\/index.php?rest_route=%2Fwp%2Fv2%2Fcomments&post=253"}],"version-history":[{"count":1,"href":"http:\/\/www.porzellanland.net\/index.php?rest_route=\/wp\/v2\/pages\/253\/revisions"}],"predecessor-version":[{"id":254,"href":"http:\/\/www.porzellanland.net\/index.php?rest_route=\/wp\/v2\/pages\/253\/revisions\/254"}],"up":[{"embeddable":true,"href":"http:\/\/www.porzellanland.net\/index.php?rest_route=\/wp\/v2\/pages\/181"}],"wp:attachment":[{"href":"http:\/\/www.porzellanland.net\/index.php?rest_route=%2Fwp%2Fv2%2Fmedia&parent=253"}],"curies":[{"name":"wp","href":"https:\/\/api.w.org\/{rel}","templated":true}]}}