{"id":1057,"date":"2014-06-23T21:11:23","date_gmt":"2014-06-23T19:11:23","guid":{"rendered":"http:\/\/www.porzellanland.net\/?page_id=1057"},"modified":"2014-06-23T21:15:45","modified_gmt":"2014-06-23T19:15:45","slug":"seherfraunbergerkrispel-arsenale","status":"publish","type":"page","link":"https:\/\/www.porzellanland.net\/?page_id=1057","title":{"rendered":"seher&#038;fraunberger\/krisp &#8218;arsenale&#8216;"},"content":{"rendered":"<p>kleine dokumentation ab ca mitte juli !!!<\/p>\n<p>am 21.06. 2014 bei Arsenale: stefan fraunberger [(rumaenisches zigeunerzerhackert&#8217;s) nicht&#8217;s fuer zartbesaitete&#8230;)<br \/>\n&amp; peter seher [(&#8230;politisch unkorrektes blechgebolze) nach bolzmannkonstante&#8230;] featuring markus krispel an der reinkarnationsschleife [garantierte fleischwolfqualitaet]<br \/>\n<a href=\"http:\/\/www.porzellanland.net\/?attachment_id=985\" rel=\"attachment wp-att-985\"><img loading=\"lazy\" decoding=\"async\" class=\"alignnone size-full wp-image-985\" alt=\"fraunberger&amp;seher\/arsenale (sarah)\" src=\"http:\/\/www.porzellanland.net\/wp-content\/uploads\/2014\/04\/21.6.Einladung_FEST.jpg\" width=\"356\" height=\"504\" srcset=\"https:\/\/www.porzellanland.net\/wp-content\/uploads\/2014\/04\/21.6.Einladung_FEST.jpg 875w, https:\/\/www.porzellanland.net\/wp-content\/uploads\/2014\/04\/21.6.Einladung_FEST-211x300.jpg 211w, https:\/\/www.porzellanland.net\/wp-content\/uploads\/2014\/04\/21.6.Einladung_FEST-624x885.jpg 624w\" sizes=\"auto, (max-width: 356px) 100vw, 356px\" \/><\/a><\/p>\n<p>Lieber Peter,<br \/>\nwie versprochen anbei die Einladung zu unserem Fest, heute in 2 Wochen.<br \/>\nIch w\u00fcrde mich sehr freuen, wenn ihr kommt.<br \/>\nHolger, den Stephan (-auch hallo btw.;)) glaub ich, bisserl n\u00e4her im Konkurrenz kennengelernt hat, wird u.a. auflegen und auch seine Musik spielen. Quetsche und persische Zitter w\u00e4ren nat\u00fcrlich spontan auch sehr willkommen. Auf jeden Fall zumindest eure Anwesenheit.<br \/>\nSch\u00f6nes Wochenende und viele Gr\u00fc\u00dfe<br \/>\nSarah<br \/>\n<a href=\"https:\/\/3c.gmx.net\/mail\/client\/dereferrer?redirectUrl=https%3A%2F%2Fwww.facebook.com%2Fevents%2F1452109991703247%2F\" target=\"_blank\">https:\/\/www.facebook.com\/events\/1452109991703247\/<\/a><\/p>\n","protected":false},"excerpt":{"rendered":"<p>kleine dokumentation ab ca mitte juli !!! am 21.06. 2014 bei Arsenale: stefan fraunberger [(rumaenisches zigeunerzerhackert&#8217;s) nicht&#8217;s fuer zartbesaitete&#8230;) &amp; peter seher [(&#8230;politisch unkorrektes blechgebolze) nach bolzmannkonstante&#8230;] featuring markus krispel an der reinkarnationsschleife [garantierte fleischwolfqualitaet] Lieber Peter, wie versprochen anbei die Einladung zu unserem Fest, heute in 2 Wochen. Ich w\u00fcrde mich sehr freuen, wenn [&hellip;]<\/p>\n","protected":false},"author":1,"featured_media":0,"parent":123,"menu_order":97,"comment_status":"closed","ping_status":"open","template":"","meta":{"footnotes":""},"class_list":["post-1057","page","type-page","status-publish","hentry"],"_links":{"self":[{"href":"https:\/\/www.porzellanland.net\/index.php?rest_route=\/wp\/v2\/pages\/1057","targetHints":{"allow":["GET"]}}],"collection":[{"href":"https:\/\/www.porzellanland.net\/index.php?rest_route=\/wp\/v2\/pages"}],"about":[{"href":"https:\/\/www.porzellanland.net\/index.php?rest_route=\/wp\/v2\/types\/page"}],"author":[{"embeddable":true,"href":"https:\/\/www.porzellanland.net\/index.php?rest_route=\/wp\/v2\/users\/1"}],"replies":[{"embeddable":true,"href":"https:\/\/www.porzellanland.net\/index.php?rest_route=%2Fwp%2Fv2%2Fcomments&post=1057"}],"version-history":[{"count":6,"href":"https:\/\/www.porzellanland.net\/index.php?rest_route=\/wp\/v2\/pages\/1057\/revisions"}],"predecessor-version":[{"id":1066,"href":"https:\/\/www.porzellanland.net\/index.php?rest_route=\/wp\/v2\/pages\/1057\/revisions\/1066"}],"up":[{"embeddable":true,"href":"https:\/\/www.porzellanland.net\/index.php?rest_route=\/wp\/v2\/pages\/123"}],"wp:attachment":[{"href":"https:\/\/www.porzellanland.net\/index.php?rest_route=%2Fwp%2Fv2%2Fmedia&parent=1057"}],"curies":[{"name":"wp","href":"https:\/\/api.w.org\/{rel}","templated":true}]}}