{"id":1590,"date":"2015-03-23T20:45:18","date_gmt":"2015-03-23T18:45:18","guid":{"rendered":"http:\/\/www.porzellanland.net\/?page_id=1590"},"modified":"2015-03-23T20:46:30","modified_gmt":"2015-03-23T18:46:30","slug":"re-akt-t-ion","status":"publish","type":"page","link":"https:\/\/www.porzellanland.net\/?page_id=1590","title":{"rendered":"re-akt-T-ion"},"content":{"rendered":"<p>&#8230;alle bisherigen &#8218;reaktionINNEN&#8216; auf den offenen brief:<\/p>\n<p>Gesendet: Montag, 23. Februar 2015 um 08:17 Uhr<br \/>\nVon: &#8222;NUSSBAUMER Katrin&#8220; <katrin.nussbaumer@ktn.gv.at><br \/>\nAn: &#8222;&#8218;tontraeger@gmx.at'&#8220; <tontraeger@gmx.at><br \/>\nBetreff: AW: &#8218;Offener Brief&#8216; -> zum &#8218;Internationalen Jahr des Lichts, 2015&#8216; UNESCO -> von peter seher<\/p>\n<p>Vielen Dank f\u00fcr die Zusendung des Offenen Briefes an Hr. Landesrat DI Benger.<\/p>\n<p>Beste Gr\u00fc\u00dfe!<br \/>\nMMag.a Katrin Nu\u00dfbaumer<br \/>\nSekretariat \/ Kanzlei<\/p>\n<p>AMT DER K\u00c4RNTNER LANDESREGIERUNG<br \/>\nB\u00fcro Landesrat Dipl.-Ing. Christian Benger<br \/>\n9021 Klagenfurt am W\u00f6rthersee, Arnulfplatz 1<\/p>\n<p>Tel.: +43 (0) 50536 &#8211; 22502<br \/>\nFax: +43 (0) 50536 \u2013 22500<br \/>\nE-Mail: katrin.nussbaumer@ktn.gv.at<br \/>\nWeb: www.ktn.gv.at<\/p>\n<p>Mailsignatur Benger<\/p>\n<p>Dieses E-Mail enth\u00e4lt vertrauliche Informationen. Falls Sie nicht der beabsichtigte<br \/>\nEmpf\u00e4nger sind, d\u00fcrfen Sie den Inhalt dieses E-Mails weder offen legen noch verwenden.<br \/>\nSofern Sie dieses E-Mail irrt\u00fcmlich erhalten haben, ersuchen wir Sie, dieses an uns<br \/>\numgehend zur\u00fcckzusenden und anschlie\u00dfend zu l\u00f6schen.<\/p>\n<p>This email is confidential. If you are not the intended recipient, you must not disclose or use<br \/>\nthe information contained in it. If you have received this mail in error, tell us immediately<br \/>\nby return email and delete the document.<br \/>\ncid:image002.gif@01CE8478.AD98D760<\/p>\n<p>Gesendet: Sonntag, 22. Februar 2015 um 18:28 Uhr<br \/>\nVon: &#8222;Baustelle Sc..hloss Lind&#8220; <aon.913166316@aon.at><br \/>\nAn: tontraeger@gmx.at<br \/>\nBetreff: AW: &#8218;Offener Brief&#8216; -> zum &#8218;Internationalen Jahr des Lichts, 2015&#8216; UNESCO -> von peter seher<\/p>\n<p>Lieber peter!<\/p>\n<p>Danke f\u00fcr die zusendung deines offenen briefes. Ist ganz sch\u00f6n viel material und wenn man nicht eingeweiht ist, kann man da leicht den \u00fcberblick verlieren.<\/p>\n<p>Kann dich aber verstehen \u2026 nur gegen die m\u00fchlen der b\u00fcrokratie helfen leider nur bomben (nicht empfehlenswert) oder resignation (auch nicht empfehlenswert)\u2026<\/p>\n<p>Alles liebe<br \/>\nDer alte schlossknecht<\/p>\n<p>Ps. wahrscheinlich wird die nsa jetzt das wort bomben rausfiltern und uns beide auf die schwarze liste setzen \u2026<\/p>\n","protected":false},"excerpt":{"rendered":"<p>&#8230;alle bisherigen &#8218;reaktionINNEN&#8216; auf den offenen brief: Gesendet: Montag, 23. Februar 2015 um 08:17 Uhr Von: &#8222;NUSSBAUMER Katrin&#8220; An: &#8222;&#8218;tontraeger@gmx.at&#8217;&#8220; Betreff: AW: &#8218;Offener Brief&#8216; -> zum &#8218;Internationalen Jahr des Lichts, 2015&#8216; UNESCO -> von peter seher Vielen Dank f\u00fcr die Zusendung des Offenen Briefes an Hr. Landesrat DI Benger. Beste Gr\u00fc\u00dfe! MMag.a Katrin Nu\u00dfbaumer Sekretariat [&hellip;]<\/p>\n","protected":false},"author":1,"featured_media":0,"parent":1576,"menu_order":1,"comment_status":"closed","ping_status":"open","template":"","meta":{"footnotes":""},"class_list":["post-1590","page","type-page","status-publish","hentry"],"_links":{"self":[{"href":"https:\/\/www.porzellanland.net\/index.php?rest_route=\/wp\/v2\/pages\/1590","targetHints":{"allow":["GET"]}}],"collection":[{"href":"https:\/\/www.porzellanland.net\/index.php?rest_route=\/wp\/v2\/pages"}],"about":[{"href":"https:\/\/www.porzellanland.net\/index.php?rest_route=\/wp\/v2\/types\/page"}],"author":[{"embeddable":true,"href":"https:\/\/www.porzellanland.net\/index.php?rest_route=\/wp\/v2\/users\/1"}],"replies":[{"embeddable":true,"href":"https:\/\/www.porzellanland.net\/index.php?rest_route=%2Fwp%2Fv2%2Fcomments&post=1590"}],"version-history":[{"count":2,"href":"https:\/\/www.porzellanland.net\/index.php?rest_route=\/wp\/v2\/pages\/1590\/revisions"}],"predecessor-version":[{"id":1592,"href":"https:\/\/www.porzellanland.net\/index.php?rest_route=\/wp\/v2\/pages\/1590\/revisions\/1592"}],"up":[{"embeddable":true,"href":"https:\/\/www.porzellanland.net\/index.php?rest_route=\/wp\/v2\/pages\/1576"}],"wp:attachment":[{"href":"https:\/\/www.porzellanland.net\/index.php?rest_route=%2Fwp%2Fv2%2Fmedia&parent=1590"}],"curies":[{"name":"wp","href":"https:\/\/api.w.org\/{rel}","templated":true}]}}