{"id":1731,"date":"2015-09-10T22:04:00","date_gmt":"2015-09-10T20:04:00","guid":{"rendered":"http:\/\/www.porzellanland.net\/?page_id=1731"},"modified":"2015-09-10T22:04:52","modified_gmt":"2015-09-10T20:04:52","slug":"sopron-shuffle","status":"publish","type":"page","link":"https:\/\/www.porzellanland.net\/?page_id=1731","title":{"rendered":"sopron shuffle"},"content":{"rendered":"<p>14.06.2015 -&gt; duo mit markus krispel -&gt; location+rahmen:\u00a0New J\u00f6rg<\/p>\n<p>J\u00e4gerstra\u00dfe 56, 1200 Wien -&gt; 20h<\/p>\n<p><a href=\"http:\/\/www.porzellanland.net\/?attachment_id=1666\" rel=\"attachment wp-att-1666\"><img loading=\"lazy\" decoding=\"async\" alt=\"bild: markus krispel\" src=\"http:\/\/www.porzellanland.net\/wp-content\/uploads\/2014\/04\/IMG_2873.jpg\" width=\"319\" height=\"239\" \/><\/a><br \/>\nbild: markus krispel<\/p>\n<div>\n<div>&#8222;\u0160OPRON SHUFFLE&#8220; ist eine Veranstaltungsreihe mit Konzerten improvisierter Musik in Wien und Budapest<\/div>\n<div><\/div>\n<div>\u0160OPRON SHUFFLE is a serie of concerts with improvised music in Vienna and Budapest<\/div>\n<div><\/div>\n<div>Line &#8211; up, \u0160OPRON SHUFFLE, Edition #1<\/div>\n<div><\/div>\n<div>* S\/K`Duo _________________<\/div>\n<div>Peter Seher &#8211; Schlagzeug<\/div>\n<div>Markus Krispel &#8211; Saxophone<\/div>\n<div>++++++++++++++++++++++++<\/div>\n<div><\/div>\n<div>* Rehaug Rehformen, Solo ____<\/div>\n<div>Cello \u00a0 Stimme \u00a0 Performance<\/div>\n<div>++++++++++++++++++++++++<\/div>\n<div><\/div>\n<div>* A.M.P. &#8211; Trio ______________<\/div>\n<div>Ajtai P\u00e9ter \u2013 Kontrabass<\/div>\n<div>Mikl\u00f3s Szilveszter \u2013 Schlagzeug<\/div>\n<div>Pozs\u00e1r M\u00e1t\u00e9 &#8211; Piano<\/div>\n<div><\/div>\n<div>_____________________________________________<\/div>\n<div><\/div>\n<div><\/div>\n<div>A.M.P. &#8211; Trio \u00a0AMP Trio\u200b (HU)<\/div>\n<div><\/div>\n<div>\u201cA.M.P. trio play experiential music. Each piece comes into being, slowly, deliberately, developing a sonic landscape that scratches at the corners before exploding into expertly controlled volatility.\u201d<\/div>\n<div>\u00a0 \u00a0 \u00a0 \u00a0 \u00a0 \u00a0 \u00a0 \u00a0 \u00a0 \u00a0 \u00a0 \u00a0 \u00a0 \u00a0 \u00a0 \u00a0 \u00a0 \u00a0 \u00a0 \u00a0 \u00a0 \u00a0 \u00a0 \u00a0 \u00a0 \u00a0 \u00a0 \u00a0 \u00a0 \u00a0<a href=\"https:\/\/3c.gmx.net\/mail\/client\/dereferrer?redirectUrl=http%3A%2F%2Fwww.jazzma.hu\" target=\"_blank\">www.jazzma.hu<\/a><\/div>\n<div><\/div>\n<div><a href=\"https:\/\/3c.gmx.net\/mail\/client\/dereferrer?redirectUrl=http%3A%2F%2Fwww.amptrio.hu%2Famptrio%2Fbio.html\" target=\"_blank\">http:\/\/www.amptrio.hu\/amptrio\/bio.html<\/a><\/div>\n<div>_____________________________________________<\/div>\n<div><\/div>\n<div>R\u00e9ka Kutas (HU, A) \u00a0R\u00e9 Sukre\u200b<\/div>\n<div><\/div>\n<div>Cello Stimme<\/div>\n<div>Performance<\/div>\n<div>Drone-Psych-Folk<\/div>\n<div>Theorie<\/div>\n<div><\/div>\n<div>R\u00e9ka Kutas aka Rehaug Rehformen comes from Hungary and lives in Vienna. As an experimenter he uses cello and voice to create performative situations. This is an intense abstract dada-drone-folk-psycho performance capable of absorbing the listener into its own world through the synergy of sound, text and movement. He collaborates regularly with various musicians, dancers and artists.<\/div>\n<div><\/div>\n<div><a href=\"https:\/\/3c.gmx.net\/mail\/client\/dereferrer?redirectUrl=https%3A%2F%2Fsoundcloud.com%2Fre-sukre\" target=\"_blank\">https:\/\/soundcloud.com\/re-sukre<\/a><\/div>\n<div><\/div>\n<div>_____________________________________________<\/div>\n<div><\/div>\n<div>S\/K &#8211; Duo (A)<\/div>\n<div>\u201eKraftvolles und variantenreiches Duo, ungef\u00e4hr ein Update guten Free-Jazzs und der Hinterlassenschaft des \u201eNo \u2013 Wave\u201c der 1970iger. Ich h\u00f6re ebenso stark die Spuren elektronischer Musik der letzten Dekaden.\u201c<\/div>\n<div>Markus Krispel<\/div>\n<div><\/div>\n<div><a href=\"https:\/\/3c.gmx.net\/mail\/client\/dereferrer?redirectUrl=https%3A%2F%2Fsoundcloud.com%2Fmarkuskrispel%2Fsets%2Fseher-krispel-duos\" target=\"_blank\">https:\/\/soundcloud.com\/markuskrispel\/sets\/seher-krispel-duos<\/a><\/div>\n<div><\/div>\n<div><\/div>\n<div><\/div>\n<div>weitere duette mit markus krispel:<\/div>\n<div><\/div>\n<div>18.06.2015 -&gt; F.I.M. -&gt; forum improvisierter musik -&gt; im HORST -&gt; Frankfurt am Main<\/div>\n<div>www.horst-ffm.de<\/div>\n<div><\/div>\n<div>03.09.2015. wakuum -&gt; graz -&gt; siehe live-mitschnitt -&gt;<\/div>\n<\/div>\n<div>https:\/\/www.youtube.com\/watch?v=tUP7Kjk6bUU<\/div>\n<div><\/div>\n<div>04.09.2015 -&gt; die dunkle seite -&gt; eroeffnung der fotoausstellung von andreas bernthaler<\/div>\n<div>-&gt; ehem. bahnhof von neuberg an der muerz<\/div>\n<p>&nbsp;<\/p>\n","protected":false},"excerpt":{"rendered":"<p>14.06.2015 -&gt; duo mit markus krispel -&gt; location+rahmen:\u00a0New J\u00f6rg J\u00e4gerstra\u00dfe 56, 1200 Wien -&gt; 20h bild: markus krispel &#8222;\u0160OPRON SHUFFLE&#8220; ist eine Veranstaltungsreihe mit Konzerten improvisierter Musik in Wien und Budapest \u0160OPRON SHUFFLE is a serie of concerts with improvised music in Vienna and Budapest Line &#8211; up, \u0160OPRON SHUFFLE, Edition #1 * S\/K`Duo _________________ [&hellip;]<\/p>\n","protected":false},"author":1,"featured_media":0,"parent":1069,"menu_order":111,"comment_status":"closed","ping_status":"open","template":"","meta":{"footnotes":""},"class_list":["post-1731","page","type-page","status-publish","hentry"],"_links":{"self":[{"href":"https:\/\/www.porzellanland.net\/index.php?rest_route=\/wp\/v2\/pages\/1731","targetHints":{"allow":["GET"]}}],"collection":[{"href":"https:\/\/www.porzellanland.net\/index.php?rest_route=\/wp\/v2\/pages"}],"about":[{"href":"https:\/\/www.porzellanland.net\/index.php?rest_route=\/wp\/v2\/types\/page"}],"author":[{"embeddable":true,"href":"https:\/\/www.porzellanland.net\/index.php?rest_route=\/wp\/v2\/users\/1"}],"replies":[{"embeddable":true,"href":"https:\/\/www.porzellanland.net\/index.php?rest_route=%2Fwp%2Fv2%2Fcomments&post=1731"}],"version-history":[{"count":2,"href":"https:\/\/www.porzellanland.net\/index.php?rest_route=\/wp\/v2\/pages\/1731\/revisions"}],"predecessor-version":[{"id":1733,"href":"https:\/\/www.porzellanland.net\/index.php?rest_route=\/wp\/v2\/pages\/1731\/revisions\/1733"}],"up":[{"embeddable":true,"href":"https:\/\/www.porzellanland.net\/index.php?rest_route=\/wp\/v2\/pages\/1069"}],"wp:attachment":[{"href":"https:\/\/www.porzellanland.net\/index.php?rest_route=%2Fwp%2Fv2%2Fmedia&parent=1731"}],"curies":[{"name":"wp","href":"https:\/\/api.w.org\/{rel}","templated":true}]}}